{"id":3191,"date":"2025-10-15T09:49:08","date_gmt":"2025-10-15T09:49:08","guid":{"rendered":"https:\/\/141ceramicadeautor.com\/?page_id=3191"},"modified":"2025-12-12T14:44:26","modified_gmt":"2025-12-12T14:44:26","slug":"ediciones-limitadas","status":"publish","type":"page","link":"https:\/\/141ceramicadeautor.com\/en\/ediciones-limitadas\/","title":{"rendered":"Limited Editions"},"content":{"rendered":"<style>.elementor-3191 .elementor-element.elementor-element-7f32dfc7{--display:flex;--flex-direction:column;--container-widget-width:100%;--container-widget-height:initial;--container-widget-flex-grow:0;--container-widget-align-self:initial;--flex-wrap-mobile:wrap;--margin-top:0px;--margin-bottom:0px;--margin-left:0px;--margin-right:0px;--padding-top:3em;--padding-bottom:6em;--padding-left:1em;--padding-right:1em;}.elementor-3191 .elementor-element.elementor-element-71bfad33{--display:flex;--align-items:center;--container-widget-width:calc( ( 1 - var( --container-widget-flex-grow ) ) * 100% );--padding-top:0em;--padding-bottom:2em;--padding-left:0em;--padding-right:0em;}.elementor-3191 .elementor-element.elementor-element-2481737e{text-align:center;}.elementor-3191 .elementor-element.elementor-element-cd4fc99{text-align:center;width:var( --container-widget-width, 54% );max-width:54%;--container-widget-width:54%;--container-widget-flex-grow:0;}.elementor-3191 .elementor-element.elementor-element-4659fd1{--display:grid;--e-con-grid-template-columns:repeat(4, 1fr);--e-con-grid-template-rows:repeat(2, 1fr);--gap:25px 25px;--row-gap:25px;--column-gap:25px;--grid-auto-flow:row;}.elementor-3191 .elementor-element.elementor-element-9b7b920{--display:flex;--min-height:382px;--justify-content:flex-end;--padding-top:50px;--padding-bottom:50px;--padding-left:50px;--padding-right:50px;}.elementor-3191 .elementor-element.elementor-element-9b7b920:not(.elementor-motion-effects-element-type-background), .elementor-3191 .elementor-element.elementor-element-9b7b920 > .elementor-motion-effects-container > .elementor-motion-effects-layer{background-image:url(\"https:\/\/141ceramicadeautor.com\/wp-content\/uploads\/2025\/11\/IMG_5068-scaled.jpeg\");background-position:center center;background-repeat:no-repeat;background-size:cover;}.elementor-3191 .elementor-element.elementor-element-0483939 .elementor-heading-title{font-family:var( --e-global-typography-f81dea0-font-family ), Sans-serif;font-size:var( --e-global-typography-f81dea0-font-size );font-weight:var( --e-global-typography-f81dea0-font-weight );line-height:var( --e-global-typography-f81dea0-line-height );letter-spacing:var( --e-global-typography-f81dea0-letter-spacing );word-spacing:var( --e-global-typography-f81dea0-word-spacing );color:var( --e-global-color-primary );}.elementor-3191 .elementor-element.elementor-element-90be099{--display:flex;--min-height:537px;--justify-content:flex-end;--padding-top:50px;--padding-bottom:50px;--padding-left:50px;--padding-right:50px;}.elementor-3191 .elementor-element.elementor-element-90be099:not(.elementor-motion-effects-element-type-background), .elementor-3191 .elementor-element.elementor-element-90be099 > .elementor-motion-effects-container > .elementor-motion-effects-layer{background-image:url(\"https:\/\/141ceramicadeautor.com\/wp-content\/uploads\/2025\/11\/IMG_5064-scaled.jpeg\");background-position:center center;background-repeat:no-repeat;background-size:cover;}.elementor-3191 .elementor-element.elementor-element-f7fcaa7 .elementor-heading-title{font-family:var( --e-global-typography-f81dea0-font-family ), Sans-serif;font-size:var( --e-global-typography-f81dea0-font-size );font-weight:var( --e-global-typography-f81dea0-font-weight );line-height:var( --e-global-typography-f81dea0-line-height );letter-spacing:var( --e-global-typography-f81dea0-letter-spacing );word-spacing:var( --e-global-typography-f81dea0-word-spacing );color:var( --e-global-color-primary );}.elementor-3191 .elementor-element.elementor-element-9fdac3a{--display:flex;--min-height:365px;--justify-content:flex-end;--padding-top:50px;--padding-bottom:50px;--padding-left:50px;--padding-right:50px;}.elementor-3191 .elementor-element.elementor-element-9fdac3a:not(.elementor-motion-effects-element-type-background), .elementor-3191 .elementor-element.elementor-element-9fdac3a > .elementor-motion-effects-container > .elementor-motion-effects-layer{background-image:url(\"https:\/\/141ceramicadeautor.com\/wp-content\/uploads\/2025\/11\/IMG_5063-scaled.jpeg\");background-position:center center;background-repeat:no-repeat;background-size:cover;}.elementor-3191 .elementor-element.elementor-element-87d28e6 .elementor-heading-title{font-family:var( --e-global-typography-f81dea0-font-family ), Sans-serif;font-size:var( --e-global-typography-f81dea0-font-size );font-weight:var( --e-global-typography-f81dea0-font-weight );line-height:var( --e-global-typography-f81dea0-line-height );letter-spacing:var( --e-global-typography-f81dea0-letter-spacing );word-spacing:var( --e-global-typography-f81dea0-word-spacing );color:var( --e-global-color-primary );}.elementor-3191 .elementor-element.elementor-element-fa01728{--display:flex;--min-height:365px;--justify-content:flex-end;--padding-top:50px;--padding-bottom:50px;--padding-left:50px;--padding-right:50px;}.elementor-3191 .elementor-element.elementor-element-fa01728:not(.elementor-motion-effects-element-type-background), .elementor-3191 .elementor-element.elementor-element-fa01728 > .elementor-motion-effects-container > .elementor-motion-effects-layer{background-image:url(\"https:\/\/141ceramicadeautor.com\/wp-content\/uploads\/2025\/11\/IMG_5061-scaled.jpeg\");background-position:center center;background-repeat:no-repeat;background-size:cover;}.elementor-3191 .elementor-element.elementor-element-6b81030 .elementor-heading-title{font-family:var( --e-global-typography-f81dea0-font-family ), Sans-serif;font-size:var( --e-global-typography-f81dea0-font-size );font-weight:var( --e-global-typography-f81dea0-font-weight );line-height:var( --e-global-typography-f81dea0-line-height );letter-spacing:var( --e-global-typography-f81dea0-letter-spacing );word-spacing:var( --e-global-typography-f81dea0-word-spacing );color:var( --e-global-color-primary );}.elementor-3191 .elementor-element.elementor-element-3a30f5b{--display:flex;--min-height:475px;--justify-content:flex-end;--padding-top:50px;--padding-bottom:50px;--padding-left:50px;--padding-right:50px;}.elementor-3191 .elementor-element.elementor-element-3a30f5b:not(.elementor-motion-effects-element-type-background), .elementor-3191 .elementor-element.elementor-element-3a30f5b > .elementor-motion-effects-container > .elementor-motion-effects-layer{background-image:url(\"https:\/\/141ceramicadeautor.com\/wp-content\/uploads\/2025\/10\/ibiza2.jpg\");background-position:center center;background-size:cover;}.elementor-3191 .elementor-element.elementor-element-3a018c0 .elementor-heading-title{font-family:var( --e-global-typography-f81dea0-font-family ), Sans-serif;font-size:var( --e-global-typography-f81dea0-font-size );font-weight:var( --e-global-typography-f81dea0-font-weight );line-height:var( --e-global-typography-f81dea0-line-height );letter-spacing:var( --e-global-typography-f81dea0-letter-spacing );word-spacing:var( --e-global-typography-f81dea0-word-spacing );color:var( --e-global-color-primary );}:root{--page-title-display:none;}@media(max-width:1024px){.elementor-3191 .elementor-element.elementor-element-4659fd1{--e-con-grid-template-columns:repeat(2, 1fr);--e-con-grid-template-rows:repeat(3, 1fr);--grid-auto-flow:row;}.elementor-3191 .elementor-element.elementor-element-0483939 .elementor-heading-title{font-size:var( --e-global-typography-f81dea0-font-size );line-height:var( --e-global-typography-f81dea0-line-height );letter-spacing:var( --e-global-typography-f81dea0-letter-spacing );word-spacing:var( --e-global-typography-f81dea0-word-spacing );}.elementor-3191 .elementor-element.elementor-element-f7fcaa7 .elementor-heading-title{font-size:var( --e-global-typography-f81dea0-font-size );line-height:var( --e-global-typography-f81dea0-line-height );letter-spacing:var( --e-global-typography-f81dea0-letter-spacing );word-spacing:var( --e-global-typography-f81dea0-word-spacing );}.elementor-3191 .elementor-element.elementor-element-87d28e6 .elementor-heading-title{font-size:var( --e-global-typography-f81dea0-font-size );line-height:var( --e-global-typography-f81dea0-line-height );letter-spacing:var( --e-global-typography-f81dea0-letter-spacing );word-spacing:var( --e-global-typography-f81dea0-word-spacing );}.elementor-3191 .elementor-element.elementor-element-6b81030 .elementor-heading-title{font-size:var( --e-global-typography-f81dea0-font-size );line-height:var( --e-global-typography-f81dea0-line-height );letter-spacing:var( --e-global-typography-f81dea0-letter-spacing );word-spacing:var( --e-global-typography-f81dea0-word-spacing );}.elementor-3191 .elementor-element.elementor-element-3a018c0 .elementor-heading-title{font-size:var( --e-global-typography-f81dea0-font-size );line-height:var( --e-global-typography-f81dea0-line-height );letter-spacing:var( --e-global-typography-f81dea0-letter-spacing );word-spacing:var( --e-global-typography-f81dea0-word-spacing );}}@media(max-width:767px){.elementor-3191 .elementor-element.elementor-element-4659fd1{--e-con-grid-template-columns:repeat(1, 1fr);--grid-auto-flow:row;}.elementor-3191 .elementor-element.elementor-element-0483939 .elementor-heading-title{font-size:var( --e-global-typography-f81dea0-font-size );line-height:var( --e-global-typography-f81dea0-line-height );letter-spacing:var( --e-global-typography-f81dea0-letter-spacing );word-spacing:var( --e-global-typography-f81dea0-word-spacing );}.elementor-3191 .elementor-element.elementor-element-f7fcaa7 .elementor-heading-title{font-size:var( --e-global-typography-f81dea0-font-size );line-height:var( --e-global-typography-f81dea0-line-height );letter-spacing:var( --e-global-typography-f81dea0-letter-spacing );word-spacing:var( --e-global-typography-f81dea0-word-spacing );}.elementor-3191 .elementor-element.elementor-element-87d28e6 .elementor-heading-title{font-size:var( --e-global-typography-f81dea0-font-size );line-height:var( --e-global-typography-f81dea0-line-height );letter-spacing:var( --e-global-typography-f81dea0-letter-spacing );word-spacing:var( --e-global-typography-f81dea0-word-spacing );}.elementor-3191 .elementor-element.elementor-element-6b81030 .elementor-heading-title{font-size:var( --e-global-typography-f81dea0-font-size );line-height:var( --e-global-typography-f81dea0-line-height );letter-spacing:var( --e-global-typography-f81dea0-letter-spacing );word-spacing:var( --e-global-typography-f81dea0-word-spacing );}.elementor-3191 .elementor-element.elementor-element-3a018c0 .elementor-heading-title{font-size:var( --e-global-typography-f81dea0-font-size );line-height:var( --e-global-typography-f81dea0-line-height );letter-spacing:var( --e-global-typography-f81dea0-letter-spacing );word-spacing:var( --e-global-typography-f81dea0-word-spacing );}}<\/style>\t\t<div data-elementor-type=\"wp-page\" data-elementor-id=\"3191\" class=\"elementor elementor-3191\" data-elementor-post-type=\"page\">\n\t\t\t\t<div class=\"elementor-element elementor-element-7f32dfc7 e-flex e-con-boxed e-con e-parent\" data-id=\"7f32dfc7\" data-element_type=\"container\" data-e-type=\"container\" id=\"categorias\">\n\t\t\t\t\t<div class=\"e-con-inner\">\n\t\t<div class=\"elementor-element elementor-element-71bfad33 e-con-full e-flex e-con e-child\" data-id=\"71bfad33\" data-element_type=\"container\" data-e-type=\"container\">\n\t\t\t\t<div class=\"elementor-element elementor-element-2481737e elementor-invisible elementor-widget elementor-widget-heading\" data-id=\"2481737e\" data-element_type=\"widget\" data-e-type=\"widget\" data-settings=\"{&quot;_animation&quot;:&quot;fadeInUp&quot;}\" data-widget_type=\"heading.default\">\n\t\t\t\t<div class=\"elementor-widget-container\">\n\t\t\t\t\t<h2 class=\"elementor-heading-title elementor-size-default\">Ediciones Limitadas<\/h2>\t\t\t\t<\/div>\n\t\t\t\t<\/div>\n\t\t\t\t<div class=\"elementor-element elementor-element-cd4fc99 elementor-widget__width-initial elementor-widget elementor-widget-text-editor\" data-id=\"cd4fc99\" data-element_type=\"widget\" data-e-type=\"widget\" data-widget_type=\"text-editor.default\">\n\t\t\t\t<div class=\"elementor-widget-container\">\n\t\t\t\t\t\t\t\t\t<article class=\"text-token-text-primary w-full focus:outline-none [--shadow-height:45px] has-data-writing-block:pointer-events-none has-data-writing-block:-mt-(--shadow-height) has-data-writing-block:pt-(--shadow-height) [&amp;:has([data-writing-block])&gt;*]:pointer-events-auto scroll-mt-[calc(var(--header-height)+min(200px,max(70px,20svh)))]\" dir=\"auto\" tabindex=\"-1\" data-turn-id=\"649ec8d1-5e07-4a85-80fc-2c6b8b297a4c\" data-testid=\"conversation-turn-90\" data-scroll-anchor=\"true\" data-turn=\"assistant\"><div class=\"text-base my-auto mx-auto pb-10 [--thread-content-margin:--spacing(4)] thread-sm:[--thread-content-margin:--spacing(6)] thread-lg:[--thread-content-margin:--spacing(16)] px-(--thread-content-margin)\"><div class=\"[--thread-content-max-width:40rem] thread-lg:[--thread-content-max-width:48rem] mx-auto max-w-(--thread-content-max-width) flex-1 group\/turn-messages focus-visible:outline-hidden relative flex w-full min-w-0 flex-col agent-turn\" tabindex=\"-1\"><div class=\"flex max-w-full flex-col grow\"><div class=\"min-h-8 text-message relative flex w-full flex-col items-end gap-2 text-start break-words whitespace-normal [.text-message+&amp;]:mt-1\" dir=\"auto\" data-message-author-role=\"assistant\" data-message-id=\"dcf2ef45-f720-415b-9593-00590a55ae3b\" data-message-model-slug=\"gpt-5-thinking\"><div class=\"flex w-full flex-col gap-1 empty:hidden first:pt-[1px]\"><div class=\"markdown prose dark:prose-invert w-full break-words dark markdown-new-styling\"><div dir=\"ltr\">Trabajar directamente con los ceramistas permite crear colecciones de piezas exclusivas que s\u00f3lo podr\u00e1s encontrar en nuestra tienda.<\/div><\/div><\/div><\/div><\/div><\/div><\/div><\/article>\t\t\t\t\t\t\t\t<\/div>\n\t\t\t\t<\/div>\n\t\t\t\t<\/div>\n\t\t<div class=\"elementor-element elementor-element-4659fd1 e-con-full e-grid e-con e-child\" data-id=\"4659fd1\" data-element_type=\"container\" data-e-type=\"container\">\n\t\t<div class=\"elementor-element elementor-element-9b7b920 e-con-full e-flex e-con e-child\" data-id=\"9b7b920\" data-element_type=\"container\" data-e-type=\"container\" data-settings=\"{&quot;background_background&quot;:&quot;classic&quot;}\">\n\t\t\t\t<div class=\"elementor-element elementor-element-0483939 elementor-widget elementor-widget-heading\" data-id=\"0483939\" data-element_type=\"widget\" data-e-type=\"widget\" data-widget_type=\"heading.default\">\n\t\t\t\t<div class=\"elementor-widget-container\">\n\t\t\t\t\t<h2 class=\"elementor-heading-title elementor-size-default\"><a href=\"https:\/\/141ceramicade0autor.com\/esculturas\/\">Colecci\u00f3 Begur N\u00ba8<\/a><\/h2>\t\t\t\t<\/div>\n\t\t\t\t<\/div>\n\t\t\t\t<\/div>\n\t\t<div class=\"elementor-element elementor-element-90be099 e-con-full e-flex e-con e-child\" data-id=\"90be099\" data-element_type=\"container\" data-e-type=\"container\" data-settings=\"{&quot;background_background&quot;:&quot;classic&quot;}\">\n\t\t\t\t<div class=\"elementor-element elementor-element-f7fcaa7 elementor-widget elementor-widget-heading\" data-id=\"f7fcaa7\" data-element_type=\"widget\" data-e-type=\"widget\" data-widget_type=\"heading.default\">\n\t\t\t\t<div class=\"elementor-widget-container\">\n\t\t\t\t\t<h2 class=\"elementor-heading-title elementor-size-default\"><a href=\"https:\/\/141ceramicade0autor.com\/esculturas\/\">Colecci\u00f3 Begur N\u00ba9<\/a><\/h2>\t\t\t\t<\/div>\n\t\t\t\t<\/div>\n\t\t\t\t<\/div>\n\t\t<div class=\"elementor-element elementor-element-9fdac3a e-con-full e-flex e-con e-child\" data-id=\"9fdac3a\" data-element_type=\"container\" data-e-type=\"container\" data-settings=\"{&quot;background_background&quot;:&quot;classic&quot;}\">\n\t\t\t\t<div class=\"elementor-element elementor-element-87d28e6 elementor-widget elementor-widget-heading\" data-id=\"87d28e6\" data-element_type=\"widget\" data-e-type=\"widget\" data-widget_type=\"heading.default\">\n\t\t\t\t<div class=\"elementor-widget-container\">\n\t\t\t\t\t<h2 class=\"elementor-heading-title elementor-size-default\"><a href=\"https:\/\/141ceramicade0autor.com\/esculturas\/\">Colecci\u00f3 Begur N\u00ba4<\/a><\/h2>\t\t\t\t<\/div>\n\t\t\t\t<\/div>\n\t\t\t\t<\/div>\n\t\t<div class=\"elementor-element elementor-element-fa01728 e-con-full e-flex e-con e-child\" data-id=\"fa01728\" data-element_type=\"container\" data-e-type=\"container\" data-settings=\"{&quot;background_background&quot;:&quot;classic&quot;}\">\n\t\t\t\t<div class=\"elementor-element elementor-element-6b81030 elementor-widget elementor-widget-heading\" data-id=\"6b81030\" data-element_type=\"widget\" data-e-type=\"widget\" data-widget_type=\"heading.default\">\n\t\t\t\t<div class=\"elementor-widget-container\">\n\t\t\t\t\t<h2 class=\"elementor-heading-title elementor-size-default\"><a href=\"https:\/\/141ceramicade0autor.com\/esculturas\/\">Colecci\u00f3 Begur N\u00ba1<\/a><\/h2>\t\t\t\t<\/div>\n\t\t\t\t<\/div>\n\t\t\t\t<\/div>\n\t\t<div class=\"elementor-element elementor-element-3a30f5b e-con-full e-flex e-con e-child\" data-id=\"3a30f5b\" data-element_type=\"container\" data-e-type=\"container\" data-settings=\"{&quot;background_background&quot;:&quot;classic&quot;}\">\n\t\t\t\t<div class=\"elementor-element elementor-element-3a018c0 elementor-widget elementor-widget-heading\" data-id=\"3a018c0\" data-element_type=\"widget\" data-e-type=\"widget\" data-widget_type=\"heading.default\">\n\t\t\t\t<div class=\"elementor-widget-container\">\n\t\t\t\t\t<h2 class=\"elementor-heading-title elementor-size-default\"><a href=\"https:\/\/141ceramicade0autor.com\/esculturas\/\">Bola Ibiza<\/a><\/h2>\t\t\t\t<\/div>\n\t\t\t\t<\/div>\n\t\t\t\t<\/div>\n\t\t\t\t<\/div>\n\t\t\t\t\t<\/div>\n\t\t\t\t<\/div>\n\t\t\t\t<\/div>\n\t\t","protected":false},"excerpt":{"rendered":"<p>Ediciones Limitadas Trabajar directamente con los ceramistas permite crear colecciones de piezas exclusivas que s\u00f3lo podr\u00e1s encontrar en nuestra tienda. Colecci\u00f3 Begur N\u00ba8 Colecci\u00f3 Begur N\u00ba9 Colecci\u00f3 Begur N\u00ba4 Colecci\u00f3 Begur N\u00ba1 Bola Ibiza<\/p>","protected":false},"author":1,"featured_media":0,"parent":0,"menu_order":0,"comment_status":"closed","ping_status":"closed","template":"elementor_header_footer","meta":{"footnotes":""},"class_list":["post-3191","page","type-page","status-publish","hentry"],"_links":{"self":[{"href":"https:\/\/141ceramicadeautor.com\/en\/wp-json\/wp\/v2\/pages\/3191","targetHints":{"allow":["GET"]}}],"collection":[{"href":"https:\/\/141ceramicadeautor.com\/en\/wp-json\/wp\/v2\/pages"}],"about":[{"href":"https:\/\/141ceramicadeautor.com\/en\/wp-json\/wp\/v2\/types\/page"}],"author":[{"embeddable":true,"href":"https:\/\/141ceramicadeautor.com\/en\/wp-json\/wp\/v2\/users\/1"}],"replies":[{"embeddable":true,"href":"https:\/\/141ceramicadeautor.com\/en\/wp-json\/wp\/v2\/comments?post=3191"}],"version-history":[{"count":41,"href":"https:\/\/141ceramicadeautor.com\/en\/wp-json\/wp\/v2\/pages\/3191\/revisions"}],"predecessor-version":[{"id":3684,"href":"https:\/\/141ceramicadeautor.com\/en\/wp-json\/wp\/v2\/pages\/3191\/revisions\/3684"}],"wp:attachment":[{"href":"https:\/\/141ceramicadeautor.com\/en\/wp-json\/wp\/v2\/media?parent=3191"}],"curies":[{"name":"wp","href":"https:\/\/api.w.org\/{rel}","templated":true}]}}